{"id":6,"date":"2025-10-17T04:12:55","date_gmt":"2025-10-17T04:12:55","guid":{"rendered":"https:\/\/themegrilldemos.com\/elearning-gutenberg\/courses\/"},"modified":"2026-03-29T01:37:22","modified_gmt":"2026-03-29T00:37:22","slug":"courses-2","status":"publish","type":"page","link":"https:\/\/salonsapiens.com\/index.php\/courses-2\/","title":{"rendered":""},"content":{"rendered":"\n<div class=\"wp-block-uagb-container uagb-block-ab28dc6a alignfull uagb-is-root-container\"><div class=\"uagb-container-inner-blocks-wrap\">\n<div class=\"wp-block-uagb-info-box uagb-block-eace458a uagb-infobox__content-wrap  uagb-infobox-icon-above-title uagb-infobox-image-valign-top\"><div class=\"uagb-ifb-content\"><div class=\"uagb-ifb-title-wrap\"><p class=\"uagb-ifb-title-prefix\">Empowering Success Together<\/p><h1 class=\"uagb-ifb-title\">Nivelaci\u00f3n acad\u00e9mica en microgrupos para cerrar brechas escolares en 12 semanas.<\/h1><\/div><p class=\"uagb-ifb-desc\">Ayudamos a estudiantes a mejorar su base en matem\u00e1ticas y cursos clave mediante grupos reducidos, diagn\u00f3stico acad\u00e9mico y seguimiento personalizado.<\/p><\/div><\/div>\n\n\n\n<div class=\"wp-block-uagb-buttons uagb-buttons__outer-wrap uagb-btn__default-btn uagb-btn-tablet__default-btn uagb-btn-mobile__default-btn uagb-block-84355da2\"><div class=\"uagb-buttons__wrap uagb-buttons-layout-wrap \">\n<div class=\"wp-block-uagb-buttons-child uagb-buttons__outer-wrap uagb-block-c896ffda wp-block-button\"><div class=\"uagb-button__wrapper\"><a class=\"uagb-buttons-repeater wp-block-button__link\" aria-label=\"\" href=\"#\" rel=\"follow noopener\" target=\"_self\" role=\"button\"><div class=\"uagb-button__link\">Evaluar nivel acad\u00e9mico<\/div><\/a><\/div><\/div>\n<\/div><\/div>\n<\/div><\/div>\n\n\n\n<div class=\"wp-block-uagb-container uagb-block-r2mzvect alignfull uagb-is-root-container\"><div class=\"uagb-container-inner-blocks-wrap\">\n<div class=\"wp-block-uagb-container uagb-block-o0qp1nfh\">\n<div class=\"wp-block-uagb-info-box uagb-block-ajhfvbta uagb-infobox__content-wrap  uagb-infobox-icon-above-title uagb-infobox-image-valign-top\"><div class=\"uagb-ifb-content\"><div class=\"uagb-ifb-title-wrap\"><h3 class=\"uagb-ifb-title\">Muchos estudiantes tienen brechas acad\u00e9micas que se acumulan a\u00f1o tras a\u00f1o.<\/h3><\/div><p class=\"uagb-ifb-desc\">Muchos alumnos llegan a secundaria con dificultades en matem\u00e1ticas y otros cursos fundamentales.<br>Con el tiempo, estas brechas afectan sus notas, su confianza y su preparaci\u00f3n para la universidad.<\/p><\/div><\/div>\n\n\n\n<div class=\"wp-block-uagb-icon-list uagb-block-avwqyra2\"><div class=\"uagb-icon-list__wrap\">\n<div class=\"wp-block-uagb-icon-list-child uagb-block-0u8skc2w\"><span class=\"uagb-icon-list__source-wrap\"><svg xmlns=\"https:\/\/www.w3.org\/2000\/svg\" viewBox=\"0 0 448 512\"><path d=\"M438.6 105.4C451.1 117.9 451.1 138.1 438.6 150.6L182.6 406.6C170.1 419.1 149.9 419.1 137.4 406.6L9.372 278.6C-3.124 266.1-3.124 245.9 9.372 233.4C21.87 220.9 42.13 220.9 54.63 233.4L159.1 338.7L393.4 105.4C405.9 92.88 426.1 92.88 438.6 105.4H438.6z\"><\/path><\/svg><\/span><span class=\"uagb-icon-list__label\">No entiende bien matem\u00e1ticas b\u00e1sicas<\/span><\/div>\n\n\n\n<div class=\"wp-block-uagb-icon-list-child uagb-block-nrpjpy7x\"><span class=\"uagb-icon-list__source-wrap\"><svg xmlns=\"https:\/\/www.w3.org\/2000\/svg\" viewBox=\"0 0 448 512\"><path d=\"M438.6 105.4C451.1 117.9 451.1 138.1 438.6 150.6L182.6 406.6C170.1 419.1 149.9 419.1 137.4 406.6L9.372 278.6C-3.124 266.1-3.124 245.9 9.372 233.4C21.87 220.9 42.13 220.9 54.63 233.4L159.1 338.7L393.4 105.4C405.9 92.88 426.1 92.88 438.6 105.4H438.6z\"><\/path><\/svg><\/span><span class=\"uagb-icon-list__label\">Tiene malas notas a pesar de estudiar<\/span><\/div>\n\n\n\n<div class=\"wp-block-uagb-icon-list-child uagb-block-nxlpb6ce\"><span class=\"uagb-icon-list__source-wrap\"><svg xmlns=\"https:\/\/www.w3.org\/2000\/svg\" viewBox=\"0 0 448 512\"><path d=\"M438.6 105.4C451.1 117.9 451.1 138.1 438.6 150.6L182.6 406.6C170.1 419.1 149.9 419.1 137.4 406.6L9.372 278.6C-3.124 266.1-3.124 245.9 9.372 233.4C21.87 220.9 42.13 220.9 54.63 233.4L159.1 338.7L393.4 105.4C405.9 92.88 426.1 92.88 438.6 105.4H438.6z\"><\/path><\/svg><\/span><span class=\"uagb-icon-list__label\">Se frustra con los cursos<\/span><\/div>\n\n\n\n<div class=\"wp-block-uagb-icon-list-child uagb-block-5txyntpv\"><span class=\"uagb-icon-list__source-wrap\"><svg xmlns=\"https:\/\/www.w3.org\/2000\/svg\" viewBox=\"0 0 448 512\"><path d=\"M438.6 105.4C451.1 117.9 451.1 138.1 438.6 150.6L182.6 406.6C170.1 419.1 149.9 419.1 137.4 406.6L9.372 278.6C-3.124 266.1-3.124 245.9 9.372 233.4C21.87 220.9 42.13 220.9 54.63 233.4L159.1 338.7L393.4 105.4C405.9 92.88 426.1 92.88 438.6 105.4H438.6z\"><\/path><\/svg><\/span><span class=\"uagb-icon-list__label\">No recibe atenci\u00f3n personalizada en el colegio<\/span><\/div>\n<\/div><\/div>\n<\/div>\n\n\n\n<div class=\"wp-block-uagb-image uagb-block-nehpy0be wp-block-uagb-image--layout-default wp-block-uagb-image--effect-static wp-block-uagb-image--align-none\"><figure class=\"wp-block-uagb-image__figure\"><img decoding=\"async\" srcset=\"https:\/\/salonsapiens.com\/wp-content\/uploads\/2026\/03\/natures-02.jpg ,https:\/\/salonsapiens.com\/wp-content\/uploads\/2026\/03\/natures-02.jpg 780w, https:\/\/salonsapiens.com\/wp-content\/uploads\/2026\/03\/natures-02.jpg 360w\" sizes=\"auto, (max-width: 480px) 150px\" src=\"https:\/\/salonsapiens.com\/wp-content\/uploads\/2026\/03\/natures-02.jpg\" alt=\"\" class=\"uag-image-80574\" width=\"564\" height=\"500\" title=\"natures-02\" loading=\"lazy\" role=\"img\"\/><\/figure><\/div>\n<\/div><\/div>\n\n\n\n<p><\/p>\n\n\n\n<div class=\"wp-block-uagb-container uagb-block-pxgcm4q4 alignfull uagb-is-root-container\"><div class=\"uagb-container-inner-blocks-wrap\">\n<div class=\"wp-block-uagb-info-box uagb-block-kjhk24f5 uagb-infobox__content-wrap  uagb-infobox-icon-above-title uagb-infobox-image-valign-top\"><div class=\"uagb-ifb-content\"><div class=\"uagb-ifb-title-wrap\"><h1 class=\"uagb-ifb-title\">Sapiens Nivelaci\u00f3n: aprendizaje personalizado en grupos reducidos.<\/h1><\/div><p class=\"uagb-ifb-desc\">Nuestro programa est\u00e1 dise\u00f1ado para ayudar a los estudiantes a <strong>cerrar brechas acad\u00e9micas de forma estructurada<\/strong>, mediante diagn\u00f3stico, microgrupos y seguimiento constante. A diferencia de academias masivas, trabajamos con <strong>grupos de m\u00e1ximo 5 estudiantes del mismo nivel<\/strong>.<\/p><\/div><\/div>\n<\/div><\/div>\n\n\n\n<div class=\"wp-block-uagb-container uagb-block-f2wffi5j alignfull uagb-is-root-container\"><div class=\"uagb-container-inner-blocks-wrap\">\n<div class=\"wp-block-uagb-info-box uagb-block-cqrd2se6 uagb-infobox__content-wrap  uagb-infobox-icon-above-title uagb-infobox-image-valign-top\"><div class=\"uagb-ifb-content\"><div class=\"uagb-ifb-title-wrap\"><h2 class=\"uagb-ifb-title\">EL M\u00c9TODO SAPIENS.<\/h2><\/div><p class=\"uagb-ifb-desc\">Aplicamos el M\u00e9todo Sapiens de aprendizaje en 4 etapas.<br><\/p><\/div><\/div>\n\n\n\n<div class=\"wp-block-uagb-container uagb-block-xnqmj8ek\">\n<div class=\"wp-block-uagb-container uagb-block-0hogrifd\">\n<div class=\"wp-block-uagb-info-box uagb-block-aiawapb2 uagb-infobox__content-wrap  uagb-infobox-icon-above-title uagb-infobox-image-valign-top\"><div class=\"uagb-ifb-content\"><div class=\"uagb-ifb-title-wrap\"><p class=\"uagb-ifb-title-prefix\">01<\/p><h3 class=\"uagb-ifb-title\">Diagnosticar<\/h3><\/div><p class=\"uagb-ifb-desc\">Evaluamos el nivel real del estudiante.<\/p><\/div><\/div>\n<\/div>\n\n\n\n<div class=\"wp-block-uagb-container uagb-block-6ytsyfrw\">\n<div class=\"wp-block-uagb-info-box uagb-block-ftuuquxd uagb-infobox__content-wrap  uagb-infobox-icon-above-title uagb-infobox-image-valign-top\"><div class=\"uagb-ifb-content\"><div class=\"uagb-ifb-title-wrap\"><p class=\"uagb-ifb-title-prefix\">02<\/p><h3 class=\"uagb-ifb-title\">Agrupar<\/h3><\/div><p class=\"uagb-ifb-desc\">Formamos microgrupos de estudiantes con nivel similar.<\/p><\/div><\/div>\n<\/div>\n\n\n\n<div class=\"wp-block-uagb-container uagb-block-goajccs1\">\n<div class=\"wp-block-uagb-info-box uagb-block-dwui6d8u uagb-infobox__content-wrap  uagb-infobox-icon-above-title uagb-infobox-image-valign-top\"><div class=\"uagb-ifb-content\"><div class=\"uagb-ifb-title-wrap\"><p class=\"uagb-ifb-title-prefix\">03<\/p><h3 class=\"uagb-ifb-title\">Desarrollar<\/h3><\/div><p class=\"uagb-ifb-desc\">Aplicamos un plan de nivelaci\u00f3n de 12 semanas.<\/p><\/div><\/div>\n<\/div>\n\n\n\n<div class=\"wp-block-uagb-container uagb-block-ddcecb0d\">\n<div class=\"wp-block-uagb-info-box uagb-block-eb3cdfa0 uagb-infobox__content-wrap  uagb-infobox-icon-above-title uagb-infobox-image-valign-top\"><div class=\"uagb-ifb-content\"><div class=\"uagb-ifb-title-wrap\"><p class=\"uagb-ifb-title-prefix\">04<\/p><h3 class=\"uagb-ifb-title\">Seguimiento<\/h3><\/div><p class=\"uagb-ifb-desc\">Evaluamos el progreso y reforzamos las \u00e1reas necesarias.<\/p><\/div><\/div>\n<\/div>\n<\/div>\n<\/div><\/div>\n\n\n\n<p><\/p>\n\n\n\n<div class=\"wp-block-uagb-container uagb-block-sbrr9xeh alignfull uagb-is-root-container\"><div class=\"uagb-container-inner-blocks-wrap\">\n<div class=\"wp-block-uagb-info-box uagb-block-fva1d8im uagb-infobox__content-wrap  uagb-infobox-icon-above-title uagb-infobox-image-valign-top\"><div class=\"uagb-ifb-content\"><div class=\"uagb-ifb-title-wrap\"><p class=\"uagb-ifb-title-prefix\">Services<\/p><h2 class=\"uagb-ifb-title\">C\u00d3MO FUNCIONA EL PROGRAMA<\/h2><\/div><\/div><\/div>\n\n\n\n<div class=\"wp-block-uagb-container uagb-layout-grid uagb-block-jl3fbnfn\">\n<div class=\"wp-block-uagb-info-box uagb-block-oappuz5l uagb-infobox__content-wrap  uagb-infobox-icon-above-title uagb-infobox-image-valign-top\"><div class=\"uagb-ifb-content\"><div class=\"uagb-ifb-title-wrap\"><p class=\"uagb-ifb-title-prefix\">01<\/p><h3 class=\"uagb-ifb-title\">Diagn\u00f3stico acad\u00e9mico inicial.<\/h3><\/div><p class=\"uagb-ifb-desc\">Share some details here for Service one. This is a flexible section where you can share anything you want. It could be details or some information about your service.<\/p><\/div><\/div>\n\n\n\n<div class=\"wp-block-uagb-info-box uagb-block-ouk95mzb uagb-infobox__content-wrap  uagb-infobox-icon-above-title uagb-infobox-image-valign-top\"><div class=\"uagb-ifb-content\"><div class=\"uagb-ifb-title-wrap\"><p class=\"uagb-ifb-title-prefix\">02<\/p><h3 class=\"uagb-ifb-title\">Asignaci\u00f3n a un microgrupo de m\u00e1ximo 5 estudiantes.<\/h3><\/div><p class=\"uagb-ifb-desc\">Share some details here for Service two. This is a flexible section where you can share anything you want. It could be details or some information about your service.<\/p><\/div><\/div>\n\n\n\n<div class=\"wp-block-uagb-info-box uagb-block-wplu5xoj uagb-infobox__content-wrap  uagb-infobox-icon-above-title uagb-infobox-image-valign-top\"><div class=\"uagb-ifb-content\"><div class=\"uagb-ifb-title-wrap\"><p class=\"uagb-ifb-title-prefix\">03<\/p><h3 class=\"uagb-ifb-title\">Clases estructuradas dos veces por semana.<\/h3><\/div><p class=\"uagb-ifb-desc\">Share some details here for Service three. This is a flexible section where you can share anything you want. It could be details or some information about your service.<\/p><\/div><\/div>\n\n\n\n<div class=\"wp-block-uagb-info-box uagb-block-zziyosej uagb-infobox__content-wrap  uagb-infobox-icon-above-title uagb-infobox-image-valign-top\"><div class=\"uagb-ifb-content\"><div class=\"uagb-ifb-title-wrap\"><p class=\"uagb-ifb-title-prefix\">04<\/p><h3 class=\"uagb-ifb-title\">Evaluaciones peri\u00f3dicas de progreso.<\/h3><\/div><p class=\"uagb-ifb-desc\">Share some details here for Service four. This is a flexible section where you can share anything you want. It could be details or some information about your service.<\/p><\/div><\/div>\n\n\n\n<div class=\"wp-block-uagb-info-box uagb-block-8es89gp4 uagb-infobox__content-wrap  uagb-infobox-icon-above-title uagb-infobox-image-valign-top\"><div class=\"uagb-ifb-content\"><div class=\"uagb-ifb-title-wrap\"><p class=\"uagb-ifb-title-prefix\">05<\/p><h3 class=\"uagb-ifb-title\">Reporte de avance para padres.<\/h3><\/div><p class=\"uagb-ifb-desc\">Share some details here for Service five. This is a flexible section where you can share anything you want. It could be details or some information about your service.<\/p><\/div><\/div>\n<\/div>\n<\/div><\/div>\n\n\n\n<div class=\"wp-block-uagb-container uagb-block-p7vq2cgg alignfull uagb-is-root-container\"><div class=\"uagb-container-inner-blocks-wrap\">\n<div class=\"wp-block-uagb-container uagb-block-drl5wjun\">\n<div class=\"wp-block-uagb-image alignleft uagb-block-guhrptxg wp-block-uagb-image--layout-default wp-block-uagb-image--effect-static wp-block-uagb-image--align-left\"><figure class=\"wp-block-uagb-image__figure\"><img decoding=\"async\" srcset=\"https:\/\/salonsapiens.com\/wp-content\/uploads\/2026\/03\/desserts-02.jpg ,https:\/\/salonsapiens.com\/wp-content\/uploads\/2026\/03\/desserts-02.jpg 780w, https:\/\/salonsapiens.com\/wp-content\/uploads\/2026\/03\/desserts-02.jpg 360w\" sizes=\"auto, (max-width: 480px) 150px\" src=\"https:\/\/salonsapiens.com\/wp-content\/uploads\/2026\/03\/desserts-02.jpg\" alt=\"\" class=\"uag-image-80570\" width=\"230\" height=\"360\" title=\"\" loading=\"lazy\" role=\"img\"\/><\/figure><\/div>\n\n\n\n<div class=\"wp-block-uagb-image alignleft uagb-block-z1ujcqdv wp-block-uagb-image--layout-default wp-block-uagb-image--effect-static wp-block-uagb-image--align-left\"><figure class=\"wp-block-uagb-image__figure\"><img decoding=\"async\" srcset=\"https:\/\/salonsapiens.com\/wp-content\/uploads\/2026\/03\/snow-mountains-02.jpg ,https:\/\/salonsapiens.com\/wp-content\/uploads\/2026\/03\/snow-mountains-02.jpg 780w, https:\/\/salonsapiens.com\/wp-content\/uploads\/2026\/03\/snow-mountains-02.jpg 360w\" sizes=\"auto, (max-width: 480px) 150px\" src=\"https:\/\/salonsapiens.com\/wp-content\/uploads\/2026\/03\/snow-mountains-02.jpg\" alt=\"\" class=\"uag-image-80578\" width=\"230\" height=\"360\" title=\"\" loading=\"lazy\" role=\"img\"\/><\/figure><\/div>\n<\/div>\n\n\n\n<div class=\"wp-block-uagb-container uagb-block-fcdkf1ed\">\n<div class=\"wp-block-uagb-info-box uagb-block-v462wznv uagb-infobox__content-wrap  uagb-infobox-icon-above-title uagb-infobox-image-valign-top\"><div class=\"uagb-ifb-content\"><div class=\"uagb-ifb-title-wrap\"><p class=\"uagb-ifb-title-prefix\">Unleash the Power<\/p><h3 class=\"uagb-ifb-title\">CARACTER\u00cdSTICAS DEL PROGRAMA<\/h3><\/div><p class=\"uagb-ifb-desc\"><strong>Duraci\u00f3n<\/strong><br>12 semanas<br><strong>Tama\u00f1o de grupo<\/strong><br>M\u00e1ximo 5 estudiantes<br><strong>Modalidad<\/strong><br>Online o presencial<br><strong>Sesiones<\/strong><br>2 sesiones por semana<br><strong>Cursos<\/strong><br>Matem\u00e1ticas<br>Razonamiento matem\u00e1tico<br>F\u00edsica (seg\u00fan nivel)<\/p><\/div><\/div>\n\n\n\n<div class=\"wp-block-uagb-icon-list uagb-block-ewqitdsf\"><div class=\"uagb-icon-list__wrap\">\n<div class=\"wp-block-uagb-icon-list-child uagb-block-9kykou7q\"><span class=\"uagb-icon-list__source-wrap\"><svg xmlns=\"https:\/\/www.w3.org\/2000\/svg\" viewBox=\"0 0 448 512\"><path d=\"M438.6 105.4C451.1 117.9 451.1 138.1 438.6 150.6L182.6 406.6C170.1 419.1 149.9 419.1 137.4 406.6L9.372 278.6C-3.124 266.1-3.124 245.9 9.372 233.4C21.87 220.9 42.13 220.9 54.63 233.4L159.1 338.7L393.4 105.4C405.9 92.88 426.1 92.88 438.6 105.4H438.6z\"><\/path><\/svg><\/span><span class=\"uagb-icon-list__label\">Intuitive User Interface<\/span><\/div>\n\n\n\n<div class=\"wp-block-uagb-icon-list-child uagb-block-ky0nrdhz\"><span class=\"uagb-icon-list__source-wrap\"><svg xmlns=\"https:\/\/www.w3.org\/2000\/svg\" viewBox=\"0 0 448 512\"><path d=\"M438.6 105.4C451.1 117.9 451.1 138.1 438.6 150.6L182.6 406.6C170.1 419.1 149.9 419.1 137.4 406.6L9.372 278.6C-3.124 266.1-3.124 245.9 9.372 233.4C21.87 220.9 42.13 220.9 54.63 233.4L159.1 338.7L393.4 105.4C405.9 92.88 426.1 92.88 438.6 105.4H438.6z\"><\/path><\/svg><\/span><span class=\"uagb-icon-list__label\">Seamless Integration<\/span><\/div>\n\n\n\n<div class=\"wp-block-uagb-icon-list-child uagb-block-exuzte7a\"><span class=\"uagb-icon-list__source-wrap\"><svg xmlns=\"https:\/\/www.w3.org\/2000\/svg\" viewBox=\"0 0 448 512\"><path d=\"M438.6 105.4C451.1 117.9 451.1 138.1 438.6 150.6L182.6 406.6C170.1 419.1 149.9 419.1 137.4 406.6L9.372 278.6C-3.124 266.1-3.124 245.9 9.372 233.4C21.87 220.9 42.13 220.9 54.63 233.4L159.1 338.7L393.4 105.4C405.9 92.88 426.1 92.88 438.6 105.4H438.6z\"><\/path><\/svg><\/span><span class=\"uagb-icon-list__label\">Advanced Automation<\/span><\/div>\n\n\n\n<div class=\"wp-block-uagb-icon-list-child uagb-block-2ezpuhln\"><span class=\"uagb-icon-list__source-wrap\"><svg xmlns=\"https:\/\/www.w3.org\/2000\/svg\" viewBox=\"0 0 448 512\"><path d=\"M438.6 105.4C451.1 117.9 451.1 138.1 438.6 150.6L182.6 406.6C170.1 419.1 149.9 419.1 137.4 406.6L9.372 278.6C-3.124 266.1-3.124 245.9 9.372 233.4C21.87 220.9 42.13 220.9 54.63 233.4L159.1 338.7L393.4 105.4C405.9 92.88 426.1 92.88 438.6 105.4H438.6z\"><\/path><\/svg><\/span><span class=\"uagb-icon-list__label\">Customizable Workflows<\/span><\/div>\n<\/div><\/div>\n<\/div>\n<\/div><\/div>\n","protected":false},"excerpt":{"rendered":"","protected":false},"author":1,"featured_media":0,"parent":0,"menu_order":0,"comment_status":"closed","ping_status":"closed","template":"","meta":{"_uag_custom_page_level_css":"","elearning_container_layout":"tg-site-layout--default","elearning_sidebar_layout":"tg-site-layout--default","elearning_remove_content_margin":true,"elearning_sidebar":"default","elearning_transparent_header":"customizer","elearning_logo":0,"elearning_header_style":"default","elearning_menu_item_color":"","elearning_menu_item_hover_color":"","elearning_menu_item_active_color":"","elearning_menu_item_active_style":"","elearning_page_header":true,"footnotes":""},"class_list":["post-6","page","type-page","status-publish","hentry"],"uagb_featured_image_src":{"full":false,"thumbnail":false,"medium":false,"medium_large":false,"large":false,"1536x1536":false,"2048x2048":false},"uagb_author_info":{"display_name":"adminsapiens","author_link":"https:\/\/salonsapiens.com\/index.php\/author\/adminsapiens\/"},"uagb_comment_info":0,"uagb_excerpt":null,"_links":{"self":[{"href":"https:\/\/salonsapiens.com\/index.php\/wp-json\/wp\/v2\/pages\/6","targetHints":{"allow":["GET"]}}],"collection":[{"href":"https:\/\/salonsapiens.com\/index.php\/wp-json\/wp\/v2\/pages"}],"about":[{"href":"https:\/\/salonsapiens.com\/index.php\/wp-json\/wp\/v2\/types\/page"}],"author":[{"embeddable":true,"href":"https:\/\/salonsapiens.com\/index.php\/wp-json\/wp\/v2\/users\/1"}],"replies":[{"embeddable":true,"href":"https:\/\/salonsapiens.com\/index.php\/wp-json\/wp\/v2\/comments?post=6"}],"version-history":[{"count":8,"href":"https:\/\/salonsapiens.com\/index.php\/wp-json\/wp\/v2\/pages\/6\/revisions"}],"predecessor-version":[{"id":1273,"href":"https:\/\/salonsapiens.com\/index.php\/wp-json\/wp\/v2\/pages\/6\/revisions\/1273"}],"wp:attachment":[{"href":"https:\/\/salonsapiens.com\/index.php\/wp-json\/wp\/v2\/media?parent=6"}],"curies":[{"name":"wp","href":"https:\/\/api.w.org\/{rel}","templated":true}]}}