{"id":24,"date":"2021-10-07T09:54:44","date_gmt":"2021-10-07T09:54:44","guid":{"rendered":"https:\/\/elearning.sites.qsandbox.com\/?page_id=24"},"modified":"2021-10-07T09:54:44","modified_gmt":"2021-10-07T09:54:44","slug":"contact","status":"publish","type":"page","link":"https:\/\/salonsapiens.com\/index.php\/contact\/","title":{"rendered":"Contact"},"content":{"rendered":"<h2>Contact Us<\/h2>\n<p>\t\t\t\t\t\t\t\t\t\t\t\t\t\t\t<img decoding=\"async\" width=\"55\" height=\"55\" src=\"https:\/\/salonsapiens.com\/wp-content\/uploads\/2021\/10\/contact-us.png\" alt=\"\" loading=\"lazy\" \/>\t\t\t\t\t\t\t\t\t\t\t\t\t\t\t<\/p>\n<h2>Contact Number<\/h2>\n<ul>\n<li>\n\t\t\t\t\t\t\t\t\t\t+5\u00a0 (123) 456 7890\n\t\t\t\t\t\t\t\t\t<\/li>\n<li>\n\t\t\t\t\t\t\t\t\t\t+5 (231) 234 902\n\t\t\t\t\t\t\t\t\t<\/li>\n<\/ul>\n<p>\t\t\t\t\t\t\t\t\t\t\t\t\t\t\t<img decoding=\"async\" width=\"55\" height=\"54\" src=\"https:\/\/salonsapiens.com\/wp-content\/uploads\/2021\/10\/mail-us.png\" alt=\"\" loading=\"lazy\" \/>\t\t\t\t\t\t\t\t\t\t\t\t\t\t\t<\/p>\n<h2>Email address<\/h2>\n<ul>\n<li>\n\t\t\t\t\t\t\t\t\t\tsupport@eLearning.com\n\t\t\t\t\t\t\t\t\t<\/li>\n<li>\n\t\t\t\t\t\t\t\t\t\teLearning@company.com\n\t\t\t\t\t\t\t\t\t<\/li>\n<\/ul>\n<p>\t\t\t\t\t\t\t\t\t\t\t\t\t\t\t<img decoding=\"async\" width=\"55\" height=\"54\" src=\"https:\/\/salonsapiens.com\/wp-content\/uploads\/2021\/10\/our-address.png\" alt=\"\" loading=\"lazy\" \/>\t\t\t\t\t\t\t\t\t\t\t\t\t\t\t<\/p>\n<h2>Address &#038; Hours<\/h2>\n<ul>\n<li>\n\t\t\t\t\t\t\t\t\t\tMoon Street, 446 Jupiter\n\t\t\t\t\t\t\t\t\t<\/li>\n<li>\n\t\t\t\t\t\t\t\t\t\t9AM &#8211; 6PM (Monday &#8211; Friday)\n\t\t\t\t\t\t\t\t\t<\/li>\n<\/ul>\n<p>\t\t\t\t\t\t\t\t\t\t\t\t\t\t\t<img decoding=\"async\" width=\"640\" height=\"918\" src=\"https:\/\/salonsapiens.com\/wp-content\/uploads\/2021\/10\/contact-us-768x1102.jpg\" alt=\"\" loading=\"lazy\" srcset=\"https:\/\/salonsapiens.com\/wp-content\/uploads\/2021\/10\/contact-us-768x1102.jpg 768w, https:\/\/salonsapiens.com\/wp-content\/uploads\/2021\/10\/contact-us-209x300.jpg 209w, https:\/\/salonsapiens.com\/wp-content\/uploads\/2021\/10\/contact-us-713x1024.jpg 713w, https:\/\/salonsapiens.com\/wp-content\/uploads\/2021\/10\/contact-us.jpg 836w\" sizes=\"auto, (max-width: 640px) 100vw, 640px\" \/>\t\t\t\t\t\t\t\t\t\t\t\t\t\t\t<\/p>\n<h2>Leave a Message<\/h2>\n<p>\t\t<div class=\"everest-forms\"><div class=\"evf-container default\" id=\"evf-19\"><form id=\"evf-form-19\" class=\"everest-form\" data-formid=\"19\" data-ajax_submission=\"0\" data-keyboard_friendly_form=\"0\" data-form_state_type=\"\" method=\"post\" enctype=\"multipart\/form-data\" action=\"\/index.php\/wp-json\/wp\/v2\/pages\/24\"><div class=\"evf-field-container\"><input type=\"hidden\" id=\"_wpnonce19\" name=\"_wpnonce19\" value=\"e5f2c51281\" \/><input type=\"hidden\" name=\"_wp_http_referer\" value=\"\/index.php\/wp-json\/wp\/v2\/pages\/24\" \/><div class=\"evf-frontend-row\" data-row=\"row_1\" conditional_rules=\"[]\"><div class=\"evf-frontend-grid evf-grid-1\" data-grid=\"grid_1\"><div id=\"evf-19-field_fullname-container\" class=\"evf-field evf-field-text form-row validate-required\" data-required-field-message=\"Este campo es obligatorio.\" data-field-id=\"fullname\"><label class=\"evf-field-label\" for=\"evf-19-field_fullname\"><span class=\"evf-label\">Name<\/span> <abbr class=\"required\" title=\"Obligatorio\">*<\/abbr><\/label><input type=\"text\" id=\"evf-19-field_fullname\" class=\"input-text\" name=\"everest_forms[form_fields][fullname]\" required><\/div><div id=\"evf-19-field_email-container\" class=\"evf-field evf-field-email form-row validate-required validate-email\" data-required-field-message=\"Por favor, introduce una direcci\u00f3n de correo electr\u00f3nico v\u00e1lida.\" data-field-id=\"email\"><label class=\"evf-field-label\" for=\"evf-19-field_email\"><span class=\"evf-label\">Email<\/span> <abbr class=\"required\" title=\"Obligatorio\">*<\/abbr><\/label><input type=\"email\" id=\"evf-19-field_email\" class=\"input-text\" name=\"everest_forms[form_fields][email]\" required ><\/div><div id=\"evf-19-field_subject-container\" class=\"evf-field evf-field-text form-row validate-required\" data-required-field-message=\"Este campo es obligatorio.\" data-field-id=\"subject\"><label class=\"evf-field-label\" for=\"evf-19-field_subject\"><span class=\"evf-label\">Subject<\/span> <abbr class=\"required\" title=\"Obligatorio\">*<\/abbr><\/label><input type=\"text\" id=\"evf-19-field_subject\" class=\"input-text\" name=\"everest_forms[form_fields][subject]\" required><\/div><div id=\"evf-19-field_message-container\" class=\"evf-field evf-field-textarea form-row\" data-field-id=\"message\"><label class=\"evf-field-label\" for=\"evf-19-field_message\"><span class=\"evf-label\">Message<\/span> <\/label><textarea id=\"evf-19-field_message\" class=\"input-text\" name=\"everest_forms[form_fields][message]\"  ><\/textarea><\/div><\/div><\/div><\/div><div class=\"evf-honeypot-container evf-field-hp\"><label for=\"evf-19-field-hp\" class=\"evf-field-label\">Email<\/label><input type=\"text\" name=\"everest_forms[hp]\" id=\"evf-19-field-hp\" class=\"input-text\"><\/div><div class=\"evf-submit-container \" ><input type=\"hidden\" name=\"everest_forms[id]\" value=\"19\"><input type=\"hidden\" name=\"everest_forms[author]\" value=\"1\"><button type='submit' name='everest_forms[submit]' class='everest-forms-submit-button button evf-submit ' id='evf-submit-19' value='evf-submit' data-process-text=\"Procesando...\" conditional_rules='&quot;&quot;' conditional_id='evf-submit-19'  id=\"evf-submit-19\" aria-live=\"assertive\">Submit<\/button><\/div><\/form><\/div><!-- .evf-container --><\/div><br \/>\n\t\t\t<iframe frameborder=\"0\" scrolling=\"no\" marginheight=\"0\" marginwidth=\"0\"\n\t\t\t\t\tsrc=\"https:\/\/maps.google.com\/maps?q=themegrill%20pct.%20ltd&#038;t=m&#038;z=10&#038;output=embed&#038;iwloc=near\"\n\t\t\t\t\ttitle=\"themegrill pct. ltd\"\n\t\t\t\t\taria-label=\"themegrill pct. ltd\"\n\t\t\t><\/iframe><\/p>\n","protected":false},"excerpt":{"rendered":"<p>Contact Us Contact Number +5\u00a0 (123) 456 7890 +5 (231) 234 902 Email address support@eLearning.com eLearning@company.com Address &#038; Hours Moon Street, 446 Jupiter 9AM &#8211; 6PM (Monday &#8211; Friday) Leave a Message<\/p>\n","protected":false},"author":1,"featured_media":0,"parent":0,"menu_order":0,"comment_status":"closed","ping_status":"closed","template":"page-templates\/pagebuilder.php","meta":{"_uag_custom_page_level_css":"","elearning_container_layout":"tg-site-layout--stretched","elearning_sidebar_layout":"no_sidebar","elearning_remove_content_margin":false,"elearning_sidebar":"default","elearning_transparent_header":"1","elearning_logo":0,"elearning_header_style":"default","elearning_menu_item_color":"","elearning_menu_item_hover_color":"","elearning_menu_item_active_color":"","elearning_menu_item_active_style":"","elearning_page_header":false,"footnotes":""},"class_list":["post-24","page","type-page","status-publish","hentry"],"uagb_featured_image_src":{"full":false,"thumbnail":false,"medium":false,"medium_large":false,"large":false,"1536x1536":false,"2048x2048":false},"uagb_author_info":{"display_name":"adminsapiens","author_link":"https:\/\/salonsapiens.com\/index.php\/author\/adminsapiens\/"},"uagb_comment_info":0,"uagb_excerpt":"Contact Us Contact Number +5\u00a0 (123) 456 7890 +5 (231) 234 902 Email address support@eLearning.com eLearning@company.com Address &#038; Hours Moon Street, 446 Jupiter 9AM &#8211; 6PM (Monday &#8211; Friday) Leave a Message","_links":{"self":[{"href":"https:\/\/salonsapiens.com\/index.php\/wp-json\/wp\/v2\/pages\/24","targetHints":{"allow":["GET"]}}],"collection":[{"href":"https:\/\/salonsapiens.com\/index.php\/wp-json\/wp\/v2\/pages"}],"about":[{"href":"https:\/\/salonsapiens.com\/index.php\/wp-json\/wp\/v2\/types\/page"}],"author":[{"embeddable":true,"href":"https:\/\/salonsapiens.com\/index.php\/wp-json\/wp\/v2\/users\/1"}],"replies":[{"embeddable":true,"href":"https:\/\/salonsapiens.com\/index.php\/wp-json\/wp\/v2\/comments?post=24"}],"version-history":[{"count":0,"href":"https:\/\/salonsapiens.com\/index.php\/wp-json\/wp\/v2\/pages\/24\/revisions"}],"wp:attachment":[{"href":"https:\/\/salonsapiens.com\/index.php\/wp-json\/wp\/v2\/media?parent=24"}],"curies":[{"name":"wp","href":"https:\/\/api.w.org\/{rel}","templated":true}]}}